{"id":37,"date":"2022-03-07T11:52:15","date_gmt":"2022-03-07T11:52:15","guid":{"rendered":"https:\/\/projekt.mazuryresidence.pl\/?page_id=37"},"modified":"2022-03-15T10:12:39","modified_gmt":"2022-03-15T10:12:39","slug":"airpark","status":"publish","type":"page","link":"https:\/\/projekt.mazuryresidence.pl\/index.php\/airpark\/","title":{"rendered":"Airpark"},"content":{"rendered":"\t\t<div data-elementor-type=\"wp-page\" data-elementor-id=\"37\" class=\"elementor elementor-37\" data-elementor-settings=\"[]\">\n\t\t\t\t\t\t\t<div class=\"elementor-section-wrap\">\n\t\t\t\t\t\t\t<section data-particle_enable=\"false\" data-particle-mobile-disabled=\"false\" class=\"elementor-section elementor-top-section elementor-element elementor-element-23d7e94 elementor-section-full_width elementor-section-height-default elementor-section-height-default\" data-id=\"23d7e94\" data-element_type=\"section\" data-settings=\"{&quot;_ha_eqh_enable&quot;:false}\">\n\t\t\t\t\t\t<div class=\"elementor-container elementor-column-gap-no\">\n\t\t\t\t\t<div class=\"elementor-column elementor-col-100 elementor-top-column elementor-element elementor-element-a85ecf6\" data-id=\"a85ecf6\" data-element_type=\"column\">\n\t\t\t<div class=\"elementor-widget-wrap elementor-element-populated\">\n\t\t\t\t\t\t\t\t<section data-particle_enable=\"false\" data-particle-mobile-disabled=\"false\" class=\"elementor-section elementor-inner-section elementor-element elementor-element-04221a6 elementor-section-full_width elementor-section-height-min-height elementor-section-content-space-around elementor-section-height-default\" data-id=\"04221a6\" data-element_type=\"section\" data-settings=\"{&quot;background_background&quot;:&quot;classic&quot;,&quot;_ha_eqh_enable&quot;:false}\">\n\t\t\t\t\t\t<div class=\"elementor-container elementor-column-gap-default\">\n\t\t\t\t\t<div class=\"elementor-column elementor-col-50 elementor-inner-column elementor-element elementor-element-e1e0859\" data-id=\"e1e0859\" data-element_type=\"column\" data-settings=\"{&quot;background_background&quot;:&quot;classic&quot;}\">\n\t\t\t<div class=\"elementor-widget-wrap elementor-element-populated\">\n\t\t\t\t\t<div class=\"elementor-background-overlay\"><\/div>\n\t\t\t\t\t\t\t\t<div class=\"elementor-element elementor-element-39aa8db elementor-view-default elementor-vertical-align-top elementor-widget elementor-widget-icon-box\" data-id=\"39aa8db\" data-element_type=\"widget\" data-widget_type=\"icon-box.default\">\n\t\t\t\t<div class=\"elementor-widget-container\">\n\t\t\t<style>\/*! elementor - v3.5.3 - 28-12-2021 *\/\n@media (min-width:768px){.elementor-widget-icon-box.elementor-position-left .elementor-icon-box-wrapper,.elementor-widget-icon-box.elementor-position-right .elementor-icon-box-wrapper{display:-webkit-box;display:-ms-flexbox;display:flex}.elementor-widget-icon-box.elementor-position-left .elementor-icon-box-icon,.elementor-widget-icon-box.elementor-position-right .elementor-icon-box-icon{display:-webkit-inline-box;display:-ms-inline-flexbox;display:inline-flex;-webkit-box-flex:0;-ms-flex:0 0 auto;flex:0 0 auto}.elementor-widget-icon-box.elementor-position-right .elementor-icon-box-wrapper{text-align:right;-webkit-box-orient:horizontal;-webkit-box-direction:reverse;-ms-flex-direction:row-reverse;flex-direction:row-reverse}.elementor-widget-icon-box.elementor-position-left .elementor-icon-box-wrapper{text-align:left;-webkit-box-orient:horizontal;-webkit-box-direction:normal;-ms-flex-direction:row;flex-direction:row}.elementor-widget-icon-box.elementor-position-top .elementor-icon-box-img{margin:auto}.elementor-widget-icon-box.elementor-vertical-align-top .elementor-icon-box-wrapper{-webkit-box-align:start;-ms-flex-align:start;align-items:flex-start}.elementor-widget-icon-box.elementor-vertical-align-middle .elementor-icon-box-wrapper{-webkit-box-align:center;-ms-flex-align:center;align-items:center}.elementor-widget-icon-box.elementor-vertical-align-bottom .elementor-icon-box-wrapper{-webkit-box-align:end;-ms-flex-align:end;align-items:flex-end}}@media (max-width:767px){.elementor-widget-icon-box .elementor-icon-box-icon{margin-left:auto!important;margin-right:auto!important;margin-bottom:15px}}.elementor-widget-icon-box .elementor-icon-box-wrapper{text-align:center}.elementor-widget-icon-box .elementor-icon-box-title a{color:inherit}.elementor-widget-icon-box .elementor-icon-box-content{-webkit-box-flex:1;-ms-flex-positive:1;flex-grow:1}.elementor-widget-icon-box .elementor-icon-box-description{margin:0}<\/style>\t\t<div class=\"elementor-icon-box-wrapper\">\n\t\t\t\t\t\t<div class=\"elementor-icon-box-content\">\n\t\t\t\t<h3 class=\"elementor-icon-box-title\">\n\t\t\t\t\t<span  >\n\t\t\t\t\t\tL\u0105dowisko\t\t\t\t\t<\/span>\n\t\t\t\t<\/h3>\n\t\t\t\t\t\t\t\t\t<p class=\"elementor-icon-box-description\">\n\t\t\t\t\t\tZlokalizowane przy osiedlu, og\u00f3lnodost\u0119pne, nawierzchnia trawiasta 800m\t\t\t\t\t<\/p>\n\t\t\t\t\t\t\t<\/div>\n\t\t<\/div>\n\t\t\t\t<\/div>\n\t\t\t\t<\/div>\n\t\t\t\t<div class=\"elementor-element elementor-element-cdfce03 elementor-position-left elementor-view-default elementor-vertical-align-top elementor-widget elementor-widget-icon-box\" data-id=\"cdfce03\" data-element_type=\"widget\" data-widget_type=\"icon-box.default\">\n\t\t\t\t<div class=\"elementor-widget-container\">\n\t\t\t\t\t<div class=\"elementor-icon-box-wrapper\">\n\t\t\t\t\t\t<div class=\"elementor-icon-box-icon\">\n\t\t\t\t<span class=\"elementor-icon elementor-animation-\" >\n\t\t\t\t<svg xmlns=\"http:\/\/www.w3.org\/2000\/svg\" xmlns:xlink=\"http:\/\/www.w3.org\/1999\/xlink\" id=\"Warstwa_1\" x=\"0px\" y=\"0px\" viewBox=\"0 0 141.7 141.7\" style=\"enable-background:new 0 0 141.7 141.7;\" xml:space=\"preserve\"> <g id=\"XMLID_1_\"> <path id=\"XMLID_37_\" d=\"M4.2,48.8c0.1-0.1,0.2-0.2,0.2-0.3c1.1-4.2,3.8-6.8,8-7.6c3-0.6,5.8,0.2,8.2,2.3c1.4,1.3,2.4,2.8,3.1,4.6 c1.4,4,2.9,7.9,4.4,11.9c0.1,0.2,0.2,0.5,0.3,0.7c1.3,0,2.5,0,3.7,0c1.9-0.1,3.6,0.4,5,1.8c8.8-2.4,17.6-4.8,26.5-7.2 c-0.2-0.2-0.2-0.4-0.4-0.5c-3.3-2.7-3.1-8.1,0.6-10.5c1.3-0.8,2.6-1.2,4.1-1.2c4.6,0,9.2,0,13.8,0c6.6,0,13.3,0,19.9,0 c2,0,3.8,0.6,5.2,2.1c3.7,3.9,1.6,9.4-2.6,10.8c-0.5,0.2-0.9,0.3-1.5,0.5c1.7,2.1,3.3,4.2,5,6.2c4.7,0,9.4,0,14.2,0 c0-0.3,0.1-0.7,0.1-1c0-2-0.1-3.9,0-5.9c0.1-2.7,1.5-4.5,3.9-5.6c3.9-1.7,8.1,0.7,9.1,4.8c0.1,0.3,0.1,0.7,0.1,1 c0,10.4,0,20.7,0,31.1c0,3.5-3.3,6.9-7.5,6.3c-3.5-0.5-5.4-3.3-5.6-5.9c-0.1-1.2-0.2-2.4-0.3-3.8c-1.9,2.1-4.1,3.8-6.7,4.7 c0.6,1,1.1,1.9,1.7,2.8c1,1.9,0.7,4.4-1.3,5.9c0.3,2.8-0.7,5.2-2.7,7.2c-1.7,1.6-3.8,2.4-6.3,2.3c-2.5-0.1-4.6-1.1-6.3-2.9 c-1.7-1.9-2.4-4.1-2.1-6.5c-2.1-1.6-2.3-3.9-1.3-6c0.3-0.6,0.6-1.2,0.9-1.8c-0.9-0.2-7.7-0.3-10.4-0.1c0.2,0.3,0.3,0.6,0.5,0.9 c0.5,0.8,0.8,1.7,1.1,2.6c0.4,1.4-0.1,2.6-0.9,3.7c-0.2,0.3-0.5,0.5-0.9,0.8c0.2,2.8-0.6,5.2-2.7,7.1c-1.8,1.7-3.9,2.5-6.4,2.4 c-2.5-0.1-4.6-1.1-6.2-3c-1.6-1.8-2.4-4-2.1-6.5c-0.2-0.2-0.4-0.3-0.6-0.5c-1.4-1.4-1.6-3.1-0.9-4.9c0.4-0.9,0.9-1.7,1.4-2.7 c-0.3,0-0.5-0.1-0.8-0.1c-4.3-0.1-8.7-0.2-13-0.3c-2.5-0.1-5-0.2-7.5-0.3c-1.9-0.1-3.8-0.1-5.7-0.2c-3-0.2-6-0.3-9-0.5 c-2.2-0.1-4.4-0.3-6.6-0.5c-2.1-0.2-4.3-0.5-6.4-0.7c-1.7-0.2-3.4-0.4-5.1-0.6c-2.3-0.3-4.5-0.7-6.5-2.1c-2.3-1.6-3.8-3.8-4.5-6.6 c0-0.2-0.2-0.4-0.2-0.5C4.2,67.2,4.2,58,4.2,48.8z M23.5,60.5c-0.1-0.4-0.1-0.6-0.2-0.8c-0.7-2.1-1.5-4.1-2.3-6.2 c-0.6-1.7-1.2-3.4-2-5.1c-1.3-3.2-5.8-4.3-8.6-1.7c-1.4,1.2-1.9,2.8-1.9,4.6c0,7.6,0,15.2,0,22.8c0,0.8,0.1,1.5,0.3,2.3 c0.7,2.3,2.2,3.9,4.6,4.5c1.1,0.3,2.2,0.4,3.3,0.5c1.7,0.2,3.5,0.4,5.2,0.6c2.2,0.2,4.5,0.5,6.7,0.7c2.4,0.2,4.8,0.4,7.2,0.5 c3.2,0.2,6.4,0.4,9.5,0.5c2.4,0.1,4.8,0.2,7.1,0.3c2.6,0.1,5.2,0.2,7.8,0.2c4.8,0.1,9.5,0.2,14.3,0.3c6.4,0.1,12.8,0.1,19.2,0.1 c5.8,0,11.5,0,17.3,0c2.1,0,4-0.7,5.6-2.1c1.6-1.4,3.1-3,4.6-4.4c0.6-0.5,0.8-1.2,0.8-1.9c0-2.6,0-5.1,0-7.7c0-0.3-0.1-0.6-0.1-1 c-0.6,0-1,0-1.5,0c-10.1,0-20.3,0-30.4,0c-0.9,0-1.9-0.1-2.7-0.4c-3.1-1-4.7-3.9-4.6-6.5c0-1,0-2,0-3.1c0-0.3-0.1-0.6-0.1-1 c-1.3,0-2.6,0-3.8,0c-1.5-0.1-3,0.1-4.5,0.6c-0.5,0.1-1,0.3-1.5,0.5c-5.2,1.4-10.4,2.8-15.7,4.2c-5.5,1.5-11,3-16.5,4.5 c-0.5,0.1-0.9,0.3-1.4,0.4c-0.1,0.8-0.2,1.4-0.3,2.1c-0.6,3.1-3.8,5.2-6.3,5.2c-3.7-0.1-7.5,0-11.3,0c-0.4,0-0.8,0-1.1-0.1 c-1.7-0.4-3.1-1.3-4-2.7c-1-1.4-1.3-2.9-1.1-4.7c0.2-2.6,3.1-5.8,6.2-5.7C22,60.6,22.7,60.5,23.5,60.5z M85.1,51.7 c5.5,0,10.9,0,16.4,0c0.4,0,0.9,0,1.3,0c0.5,0,0.8-0.2,1.1-0.5c0.6-0.6,0.9-1.5,0.6-2.3c-0.3-0.8-0.9-1.3-1.9-1.3 c-0.3,0-0.5,0-0.8,0c-11.2,0-22.4,0-33.6,0c-0.3,0-0.6,0-0.9,0c-1,0.1-1.9,1.1-1.9,2.1c0,1,0.8,1.9,1.8,2c0.4,0,0.9,0,1.3,0 C74,51.7,79.5,51.7,85.1,51.7z M87.2,56.3c0,1.4,0,2.7,0,3.9c0,0.5,0.2,1,0.4,1.4c0.4,0.7,1.1,1,1.9,1c3.9,0,7.8,0,11.8,0 c0.2,0,0.4,0,0.8-0.1c-1.7-2.2-3.4-4.3-5-6.3C93.7,56.3,90.5,56.3,87.2,56.3z M27.1,64.9c-0.7,0-1.4,0-2.2,0c-1.1,0-2.1,0-3.2,0 c-1.2,0-2,0.8-2.2,1.9c-0.1,0.9,0.7,2.1,1.7,2.2c0.3,0,0.6,0.1,0.9,0.1c3.4,0,6.7,0,10.1,0c0.5,0,1-0.1,1.5-0.4 c0.8-0.4,1.1-1.1,1-2c-0.1-0.8-0.5-1.5-1.3-1.7c-0.4-0.1-0.8-0.2-1.2-0.2C30.5,64.9,28.8,64.9,27.1,64.9z M84.5,93.2 c-1.1-3-4.1-4.6-7-4.2c-2.5,0.4-4.8,2.4-4.8,4.2C76.6,93.2,80.5,93.2,84.5,93.2z M100.9,93.2c4,0,7.9,0,11.8,0 c-1-2.8-3.6-4.5-6.6-4.2C103.7,89.2,101.3,91.1,100.9,93.2z M130.8,63.7c0-2.4,0-4.9,0-7.3c0-0.3-0.1-0.7-0.2-1 c-0.3-0.8-1.2-1.4-2.1-1.3c-1.2,0.1-1.9,0.9-1.9,2.1c0,1.7,0,3.3,0,5c0,0.5,0,0.9,0,1.2C128,62.8,129.4,63.2,130.8,63.7z M126.5,80.4c0,2.1,0,4.2,0,6.3c0,1,0.7,1.9,1.6,2c1.3,0.2,2-0.2,2.4-1.3c0.2-0.4,0.2-0.9,0.2-1.4c0-2,0-3.9,0-5.9c0-0.4,0-0.7,0-1 C129.4,79.6,128,80,126.5,80.4z M126.6,75.7c1.7,0,2.9-0.8,3.7-2.1c0.8-1.5,0.8-3-0.2-4.4c-0.8-1.2-1.9-1.9-3.5-1.8 C126.6,70.1,126.6,72.8,126.6,75.7z M74.1,97.7c0.5,2.8,2.3,4.5,4.6,4.2c2.5-0.3,4.1-2.3,3.9-4.2C79.8,97.7,77,97.7,74.1,97.7z M102.5,97.7c0.4,3.3,2.8,4.4,4.7,4.2c2.2-0.2,4.1-2,3.8-4.2C108.2,97.7,105.4,97.7,102.5,97.7z\"><\/path> <\/g> <\/svg>\t\t\t\t<\/span>\n\t\t\t<\/div>\n\t\t\t\t\t\t<div class=\"elementor-icon-box-content\">\n\t\t\t\t<h3 class=\"elementor-icon-box-title\">\n\t\t\t\t\t<span  >\n\t\t\t\t\t\tWsp\u00f3\u0142rz\u0119dne geograficzne: \t\t\t\t\t<\/span>\n\t\t\t\t<\/h3>\n\t\t\t\t\t\t\t\t\t<p class=\"elementor-icon-box-description\">\n\t\t\t\t\t\tN 54\u00ba 00\u2019 20,49\u201d<br>\nE 021\u00ba 49\u2019 13,89\u201d <br>\nWymiary & kierunek<br>\n800 x 50<br>\nTORA 700<br>\nLDA 700<br>\n110\u00ba\/ 290\u00ba (GEO)\t\t\t\t\t<\/p>\n\t\t\t\t\t\t\t<\/div>\n\t\t<\/div>\n\t\t\t\t<\/div>\n\t\t\t\t<\/div>\n\t\t\t\t\t<\/div>\n\t\t<\/div>\n\t\t\t\t<div class=\"elementor-column elementor-col-50 elementor-inner-column elementor-element elementor-element-7cb6e4c\" data-id=\"7cb6e4c\" data-element_type=\"column\" data-settings=\"{&quot;background_background&quot;:&quot;classic&quot;}\">\n\t\t\t<div class=\"elementor-widget-wrap elementor-element-populated\">\n\t\t\t\t\t\t\t\t<div class=\"elementor-element elementor-element-41990d3 elementor-widget elementor-widget-heading\" data-id=\"41990d3\" data-element_type=\"widget\" data-widget_type=\"heading.default\">\n\t\t\t\t<div class=\"elementor-widget-container\">\n\t\t\t<style>\/*! elementor - v3.5.3 - 28-12-2021 *\/\n.elementor-heading-title{padding:0;margin:0;line-height:1}.elementor-widget-heading .elementor-heading-title[class*=elementor-size-]>a{color:inherit;font-size:inherit;line-height:inherit}.elementor-widget-heading .elementor-heading-title.elementor-size-small{font-size:15px}.elementor-widget-heading .elementor-heading-title.elementor-size-medium{font-size:19px}.elementor-widget-heading .elementor-heading-title.elementor-size-large{font-size:29px}.elementor-widget-heading .elementor-heading-title.elementor-size-xl{font-size:39px}.elementor-widget-heading .elementor-heading-title.elementor-size-xxl{font-size:59px}<\/style><h3 class=\"elementor-heading-title elementor-size-default\">Udogodnienia jakie czekaj\u0105 na przylatuj\u0105cych:<\/h3>\t\t<\/div>\n\t\t\t\t<\/div>\n\t\t\t\t<div class=\"elementor-element elementor-element-9eacbf8 elementor-position-left elementor-view-default elementor-vertical-align-top elementor-widget elementor-widget-icon-box\" data-id=\"9eacbf8\" data-element_type=\"widget\" data-widget_type=\"icon-box.default\">\n\t\t\t\t<div class=\"elementor-widget-container\">\n\t\t\t\t\t<div class=\"elementor-icon-box-wrapper\">\n\t\t\t\t\t\t<div class=\"elementor-icon-box-icon\">\n\t\t\t\t<span class=\"elementor-icon elementor-animation-\" >\n\t\t\t\t<svg xmlns=\"http:\/\/www.w3.org\/2000\/svg\" xmlns:xlink=\"http:\/\/www.w3.org\/1999\/xlink\" id=\"Warstwa_1\" x=\"0px\" y=\"0px\" viewBox=\"0 0 141.7 141.7\" style=\"enable-background:new 0 0 141.7 141.7;\" xml:space=\"preserve\"> <g id=\"XMLID_2_\"> <path id=\"XMLID_65_\" d=\"M99,51.4c4,0.8,6.6,3,7.5,7.1c1.1,4.8-2.5,9.8-7.3,10.3c-1,0.1-1.5,0.4-1.9,1.4 c-2.1,5.8-5.7,10.4-10.9,13.7c-0.9,0.6-1.3,1.2-1.2,2.2c0.1,0.8,0,1.6,0,2.5c3.4,0.7,6.7,1.5,10,2.2c3.9,0.9,7.9,1.7,11.8,2.7 c7.7,1.9,13.1,8.8,13.1,16.7c0,6,0,12,0,18c0,1.8-0.6,2.5-2.5,2.5c-30.7,0-61.4,0-92.1,0c-1.9,0-2.5-0.6-2.5-2.5 c0-5.8,0-11.6,0-17.5c0-8.6,5.6-15.5,14-17.3c6.7-1.5,13.3-2.9,20-4.4c0.3-0.1,0.6-0.2,0.9-0.3c0-0.2,0-0.3,0.1-0.4 c0.3-2.3-0.3-3.9-2.5-5.3c-4.7-3.1-7.8-7.7-9.6-13c-0.2-0.6-0.5-1-1.2-1.1c-4.6-0.6-7.9-3.9-8-8.1c-0.2-4.7,2.7-8.2,7.4-9.2 c0.1,0,0.1-0.1,0.3-0.1c0.2-1.2,0.2-2.2-1.2-3c-3.6-2.2-3.5-7.3,0.1-9.6c0.7-0.4,0.8-0.9,0.6-1.6c-1.1-5.5-2.2-10.9-3.3-16.4 C40.4,19,41.2,18,43.1,18c7.1,0.2,14-0.7,20.4-3.7c2.3-1,4.5-2.3,6.7-3.6c1-0.6,1.9-0.7,2.9,0c5.8,3.8,12.2,6.1,19.2,6.9 c2.7,0.3,5.4,0.2,8.1,0.3c1.8,0,2.6,1,2.3,2.7c-1.1,5.5-2.2,10.9-3.3,16.4c-0.2,0.8,0,1.2,0.7,1.6c3.5,2.2,3.6,7.4,0.1,9.6 C98.9,49.2,98.8,50.1,99,51.4z M48.2,52.2c0.2,4.5,0,8.8,0.7,13.1c1.6,10.1,9.7,17.7,20.3,18.9c10.2,1.2,19.4-4.4,23.6-13.3 c2.9-6,2.1-12.3,2.2-18.5C79.5,64.1,64,64.1,48.2,52.2z M78.5,109.5c-0.9,1.3-1.6,2.4-2.4,3.6c-0.2,0.2-0.2,0.6-0.2,0.9 c1,4.2,2.1,8.4,3.2,12.7c6.6,0,13.2,0,19.9,0c0-4.5,0-9,0-13.4c1.3,0,2.5,0,3.9,0c0,4.5,0,9,0,13.4c4.6,0,9.1,0,13.5,0 c0-5.6,0-11.2,0-16.7c0-0.2-0.1-0.4-0.2-0.7c-0.7,0-1.4,0-2.1,0c-7.2-0.1-13.7-5.5-14.9-12.7c-0.1-0.8-0.5-1-1.1-1.1 c-1.7-0.3-3.3-0.6-5-1.1c-0.9-0.2-1.2,0-1.6,0.7c-1.4,2.6-2.8,5.1-4.3,7.6c-1.4,2.4-2.7,4.9-4.1,7.3c-0.8,1.4-2,1.6-3.3,0.6 C79.4,110.3,79,110,78.5,109.5z M27.2,126.7c4.5,0,8.9,0,13.5,0c0-4.5,0-9,0-13.5c1.3,0,2.5,0,3.9,0c0,4.5,0,9,0,13.5 c6.7,0,13.3,0,19.8,0c1-4.2,2.1-8.3,3.1-12.4c0.1-0.3,0.2-0.8,0-1c-0.8-1.3-1.6-2.5-2.5-3.8c-0.3,0.2-0.5,0.4-0.7,0.6 c-2.4,1.8-3.1,1.7-4.6-1c-2.6-4.7-5.2-9.4-7.8-14.1c-0.2-0.3-0.8-0.8-1.1-0.7c-1.9,0.3-3.7,0.7-5.5,1.2c-0.3,0.1-0.8,0.6-0.8,0.9 c-1.5,6.5-5.3,10.7-11.8,12.3c-1.7,0.4-3.5,0.4-5.4,0.6C27.2,115.1,27.2,120.9,27.2,126.7z M98.5,22c-0.2-0.1-0.3-0.1-0.3-0.1 c-0.4,0-0.7,0-1.1,0c-8.7,0-16.7-2.3-24.2-6.7c-0.8-0.5-1.4-0.5-2.2,0c-6.2,3.7-12.9,5.9-20.1,6.5c-1.8,0.2-3.7,0.2-5.6,0.3 c1,4.9,2,9.6,2.8,14.4c0.2,1.1,0.6,1.3,1.6,1.3c14.8,0,29.7,0,44.5,0c0.2,0,0.5,0.1,0.7,0c0.3-0.2,0.7-0.4,0.8-0.7 C96.5,32,97.5,27.1,98.5,22z M91.8,49.6c-13.4,0-26.7,0-40,0C62.6,59.7,81.2,59.6,91.8,49.6z M71.7,45.5c8.1,0,16.2,0,24.3,0 c2,0,2.9-0.6,2.9-1.9c0-1.3-1-1.9-3-1.9c-16.1,0-32.3,0-48.4,0c-0.5,0-1,0-1.5,0.1c-1,0.2-1.5,0.9-1.5,1.8c0,1,0.5,1.7,1.6,1.9 c0.4,0.1,0.9,0,1.3,0C55.6,45.5,63.7,45.5,71.7,45.5z M62.1,86.5c-0.3,2.6-0.3,2.6,1.4,4.3c2.7,2.7,5.4,5.4,8.1,8.1 c2.9-2.9,5.7-5.9,8.7-8.6c1.2-1.1,1.4-2.3,1.1-3.8C74.9,88.8,68.5,88.8,62.1,86.5z M80.7,106.3c2.5-4.4,4.9-8.7,7.3-12.9 c-2.6-1.2-4.9-1.5-6.6,1.2c-0.4,0.6-1,1-1.4,1.5c-1.8,1.8-3.5,3.5-5.3,5.3C76.7,103.1,78.6,104.6,80.7,106.3z M55.4,93.3 c2.4,4.4,4.8,8.6,7.2,13c2-1.6,4-3.2,6-4.8c-3-3-5.9-5.9-8.8-8.8c-0.2-0.2-0.5-0.2-0.8-0.2C57.9,92.7,56.7,93,55.4,93.3z M40.2,96.7c-5.6,0.8-9.7,3.3-12,8.6C33.7,105.7,39,101.9,40.2,96.7z M103.4,96.8c0.7,4.8,6.7,9.2,11.8,8.5 C114.2,101,109,97.3,103.4,96.8z M68.5,126.7c2.3,0,4.4,0,6.6,0c-0.9-3.8-1.9-7.4-2.8-11.1c0-0.2-0.3-0.4-0.6-0.4 c-0.1,0-0.4,0.2-0.4,0.4c-0.2,0.8-0.4,1.6-0.6,2.3C69.9,120.8,69.2,123.7,68.5,126.7z M75.4,107.1c-1.3-1-2.5-2-3.7-3 c-1.1,0.9-2.1,1.6-3.1,2.4c-0.2,0.1-0.3,0.3-0.5,0.4c0.8,1.3,1.6,2.5,2.5,3.7c0.5,0.7,1.9,0.7,2.4,0 C73.7,109.6,74.5,108.4,75.4,107.1z M44.6,55.4c-2.6,0.8-4.1,2.7-4,4.9c0.2,2.3,1.7,4,4,4.4C44.6,61.7,44.6,58.6,44.6,55.4z M98.8,55.4c0,3.2,0,6.3,0,9.4c2.3-0.5,3.9-2.3,4-4.6C102.9,58,101.4,56.1,98.8,55.4z\"><\/path> <path id=\"XMLID_62_\" d=\"M81.4,24.9c-0.3,3.4-2,6.5-5.5,8.6c-1,0.6-2.1,1.2-3.2,1.7c-0.5,0.2-1.1,0.4-1.5,0.2 c-4.2-1.6-7.7-4-8.9-8.7c-0.2-0.9-0.3-1.9-0.3-2.9c0-1.1,0.7-1.9,1.8-1.9c2.5-0.1,4.5-1.1,6.2-2.9c1.3-1.4,2.3-1.4,3.5-0.1 c1.7,1.8,3.7,2.9,6.2,3C80.9,22,81.5,22.8,81.4,24.9z M77.2,25.9c-2-1-3.8-2-5.5-2.8c-1.8,0.9-3.7,1.9-5.5,2.8 c0.7,2.7,2.7,4.3,5.3,5.3c0.2,0.1,0.4,0,0.6,0C74.6,30.1,76.6,28.5,77.2,25.9z\"><\/path> <\/g> <\/svg>\t\t\t\t<\/span>\n\t\t\t<\/div>\n\t\t\t\t\t\t<div class=\"elementor-icon-box-content\">\n\t\t\t\t<h3 class=\"elementor-icon-box-title\">\n\t\t\t\t\t<span  >\n\t\t\t\t\t\tPok\u00f3j Pilota \t\t\t\t\t<\/span>\n\t\t\t\t<\/h3>\n\t\t\t\t\t\t\t\t\t<p class=\"elementor-icon-box-description\">\n\t\t\t\t\t\tw budynku administracyjnym przygotowali\u015bmy pok\u00f3j pilota, w kt\u00f3rym piloci mog\u0105 komfortowo odpocz\u0105\u0107 przed lotem i napi\u0107 si\u0119 kawy, obejrze\u0107 telewizj\u0119\t\t\t\t\t<\/p>\n\t\t\t\t\t\t\t<\/div>\n\t\t<\/div>\n\t\t\t\t<\/div>\n\t\t\t\t<\/div>\n\t\t\t\t<div class=\"elementor-element elementor-element-f39b827 elementor-position-left elementor-view-default elementor-vertical-align-top elementor-widget elementor-widget-icon-box\" data-id=\"f39b827\" data-element_type=\"widget\" data-widget_type=\"icon-box.default\">\n\t\t\t\t<div class=\"elementor-widget-container\">\n\t\t\t\t\t<div class=\"elementor-icon-box-wrapper\">\n\t\t\t\t\t\t<div class=\"elementor-icon-box-icon\">\n\t\t\t\t<span class=\"elementor-icon elementor-animation-\" >\n\t\t\t\t<svg xmlns=\"http:\/\/www.w3.org\/2000\/svg\" xmlns:xlink=\"http:\/\/www.w3.org\/1999\/xlink\" id=\"Capa_1\" x=\"0px\" y=\"0px\" viewBox=\"0 0 469.038 469.038\" style=\"enable-background:new 0 0 469.038 469.038;\" xml:space=\"preserve\"> <g> <path d=\"M465.023,4.079c-3.9-3.9-9.9-5-14.9-2.8l-442,193.7c-4.7,2.1-7.8,6.6-8.1,11.7s2.4,9.9,6.8,12.4l154.1,87.4l91.5,155.7 c2.4,4.1,6.9,6.7,11.6,6.7c0.3,0,0.5,0,0.8,0c5.1-0.3,9.5-3.4,11.6-8.1l191.5-441.8C470.123,13.879,469.023,7.979,465.023,4.079z M394.723,54.979l-226.2,224.7l-124.9-70.8L394.723,54.979z M262.223,425.579l-74.5-126.9l227.5-226L262.223,425.579z\"><\/path> <\/g> <g> <\/g> <g> <\/g> <g> <\/g> <g> <\/g> <g> <\/g> <g> <\/g> <g> <\/g> <g> <\/g> <g> <\/g> <g> <\/g> <g> <\/g> <g> <\/g> <g> <\/g> <g> <\/g> <g> <\/g> <\/svg>\t\t\t\t<\/span>\n\t\t\t<\/div>\n\t\t\t\t\t\t<div class=\"elementor-icon-box-content\">\n\t\t\t\t<h3 class=\"elementor-icon-box-title\">\n\t\t\t\t\t<span  >\n\t\t\t\t\t\tMobilna stacja paliw \t\t\t\t\t<\/span>\n\t\t\t\t<\/h3>\n\t\t\t\t\t\t\t\t\t<p class=\"elementor-icon-box-description\">\n\t\t\t\t\t\tForma p\u0142atno\u015bci na stacji to karta p\u0142atnicza. Bezpo\u015brednio po tankowaniu istnieje mo\u017cliwo\u015b\u0107 wydruku faktury VAT. Jest te\u017c mo\u017cliwo\u015b\u0107 rozlicze\u0144 transakcji na podstawie kart flotowych z odroczonym terminem p\u0142atno\u015bci (po wcze\u015bniejszym podpisaniu umowy) z firm\u0105 AWIX OIL.\t\t\t\t\t<\/p>\n\t\t\t\t\t\t\t<\/div>\n\t\t<\/div>\n\t\t\t\t<\/div>\n\t\t\t\t<\/div>\n\t\t\t\t<div class=\"elementor-element elementor-element-2077b89 elementor-position-left elementor-view-default elementor-vertical-align-top elementor-widget elementor-widget-icon-box\" data-id=\"2077b89\" data-element_type=\"widget\" data-widget_type=\"icon-box.default\">\n\t\t\t\t<div class=\"elementor-widget-container\">\n\t\t\t\t\t<div class=\"elementor-icon-box-wrapper\">\n\t\t\t\t\t\t<div class=\"elementor-icon-box-icon\">\n\t\t\t\t<span class=\"elementor-icon elementor-animation-\" >\n\t\t\t\t<svg xmlns=\"http:\/\/www.w3.org\/2000\/svg\" xmlns:xlink=\"http:\/\/www.w3.org\/1999\/xlink\" id=\"Capa_1\" x=\"0px\" y=\"0px\" viewBox=\"0 0 486.196 486.196\" style=\"enable-background:new 0 0 486.196 486.196;\" xml:space=\"preserve\"> <g> <path d=\"M481.708,220.456l-228.8-204.6c-0.4-0.4-0.8-0.7-1.3-1c-5-4.8-13-5-18.3-0.3l-228.8,204.6c-5.6,5-6,13.5-1.1,19.1 c2.7,3,6.4,4.5,10.1,4.5c3.2,0,6.4-1.1,9-3.4l41.2-36.9v7.2v106.8v124.6c0,18.7,15.2,34,34,34c0.3,0,0.5,0,0.8,0s0.5,0,0.8,0h70.6 c17.6,0,31.9-14.3,31.9-31.9v-121.3c0-2.7,2.2-4.9,4.9-4.9h72.9c2.7,0,4.9,2.2,4.9,4.9v121.3c0,17.6,14.3,31.9,31.9,31.9h72.2 c19,0,34-18.7,34-42.6v-111.2v-34v-83.5l41.2,36.9c2.6,2.3,5.8,3.4,9,3.4c3.7,0,7.4-1.5,10.1-4.5 C487.708,233.956,487.208,225.456,481.708,220.456z M395.508,287.156v34v111.1c0,9.7-4.8,15.6-7,15.6h-72.2c-2.7,0-4.9-2.2-4.9-4.9 v-121.1c0-17.6-14.3-31.9-31.9-31.9h-72.9c-17.6,0-31.9,14.3-31.9,31.9v121.3c0,2.7-2.2,4.9-4.9,4.9h-70.6c-0.3,0-0.5,0-0.8,0 s-0.5,0-0.8,0c-3.8,0-7-3.1-7-7v-124.7v-106.8v-31.3l151.8-135.6l153.1,136.9L395.508,287.156L395.508,287.156z\"><\/path> <\/g> <g> <\/g> <g> <\/g> <g> <\/g> <g> <\/g> <g> <\/g> <g> <\/g> <g> <\/g> <g> <\/g> <g> <\/g> <g> <\/g> <g> <\/g> <g> <\/g> <g> <\/g> <g> <\/g> <g> <\/g> <\/svg>\t\t\t\t<\/span>\n\t\t\t<\/div>\n\t\t\t\t\t\t<div class=\"elementor-icon-box-content\">\n\t\t\t\t<h3 class=\"elementor-icon-box-title\">\n\t\t\t\t\t<span  >\n\t\t\t\t\t\tMieszkanie \t\t\t\t\t<\/span>\n\t\t\t\t<\/h3>\n\t\t\t\t\t\t\t\t\t<p class=\"elementor-icon-box-description\">\n\t\t\t\t\t\tkomfortowo urz\u0105dzone z widokiem na l\u0105dowisko ( w mieszkaniu dwie sypialnie, w pe\u0142ni wyposa\u017cona kuchnia z otwartym salonem, \u0142azienka, toaleta, na wyposa\u017ceniu zmywarka do naczy\u0144, piekarnik, p\u0142yta grzewcza, pralko-suszarka) W ka\u017cdej sypialni i w salonie TV\t\t\t\t\t<\/p>\n\t\t\t\t\t\t\t<\/div>\n\t\t<\/div>\n\t\t\t\t<\/div>\n\t\t\t\t<\/div>\n\t\t\t\t\t<\/div>\n\t\t<\/div>\n\t\t\t\t\t\t\t<\/div>\n\t\t<\/section>\n\t\t\t\t\t<\/div>\n\t\t<\/div>\n\t\t\t\t\t\t\t<\/div>\n\t\t<\/section>\n\t\t\t\t\t\t<\/div>\n\t\t\t\t\t<\/div>\n\t\t","protected":false},"excerpt":{"rendered":"<p>L\u0105dowisko Zlokalizowane przy osiedlu, og\u00f3lnodost\u0119pne, nawierzchnia trawiasta 800m Wsp\u00f3\u0142rz\u0119dne geograficzne: N 54\u00ba 00\u2019 20,49\u201d E 021\u00ba 49\u2019 13,89\u201d Wymiary &#038; kierunek 800 x 50 TORA 700 LDA 700 110\u00ba\/ 290\u00ba (GEO) Udogodnienia jakie czekaj\u0105 na przylatuj\u0105cych: Pok\u00f3j Pilota w budynku administracyjnym przygotowali\u015bmy pok\u00f3j pilota, w kt\u00f3rym piloci mog\u0105 komfortowo odpocz\u0105\u0107 przed lotem i napi\u0107 si\u0119 [&hellip;]<\/p>\n","protected":false},"author":1,"featured_media":0,"parent":0,"menu_order":0,"comment_status":"closed","ping_status":"closed","template":"elementor_header_footer","meta":[],"_links":{"self":[{"href":"https:\/\/projekt.mazuryresidence.pl\/index.php\/wp-json\/wp\/v2\/pages\/37"}],"collection":[{"href":"https:\/\/projekt.mazuryresidence.pl\/index.php\/wp-json\/wp\/v2\/pages"}],"about":[{"href":"https:\/\/projekt.mazuryresidence.pl\/index.php\/wp-json\/wp\/v2\/types\/page"}],"author":[{"embeddable":true,"href":"https:\/\/projekt.mazuryresidence.pl\/index.php\/wp-json\/wp\/v2\/users\/1"}],"replies":[{"embeddable":true,"href":"https:\/\/projekt.mazuryresidence.pl\/index.php\/wp-json\/wp\/v2\/comments?post=37"}],"version-history":[{"count":20,"href":"https:\/\/projekt.mazuryresidence.pl\/index.php\/wp-json\/wp\/v2\/pages\/37\/revisions"}],"predecessor-version":[{"id":2681,"href":"https:\/\/projekt.mazuryresidence.pl\/index.php\/wp-json\/wp\/v2\/pages\/37\/revisions\/2681"}],"wp:attachment":[{"href":"https:\/\/projekt.mazuryresidence.pl\/index.php\/wp-json\/wp\/v2\/media?parent=37"}],"curies":[{"name":"wp","href":"https:\/\/api.w.org\/{rel}","templated":true}]}}