{"id":2561,"date":"2022-03-15T07:44:11","date_gmt":"2022-03-15T07:44:11","guid":{"rendered":"https:\/\/projekt.mazuryresidence.pl\/?page_id=2561"},"modified":"2022-03-15T10:15:12","modified_gmt":"2022-03-15T10:15:12","slug":"wypozyczalnia","status":"publish","type":"page","link":"https:\/\/projekt.mazuryresidence.pl\/index.php\/wypozyczalnia\/","title":{"rendered":"Wypo\u017cyczalnia"},"content":{"rendered":"\t\t<div data-elementor-type=\"wp-page\" data-elementor-id=\"2561\" class=\"elementor elementor-2561\" data-elementor-settings=\"[]\">\n\t\t\t\t\t\t\t<div class=\"elementor-section-wrap\">\n\t\t\t\t\t\t\t<section data-particle_enable=\"false\" data-particle-mobile-disabled=\"false\" class=\"elementor-section elementor-top-section elementor-element elementor-element-a3be615 elementor-section-full_width elementor-section-height-default elementor-section-height-default\" data-id=\"a3be615\" data-element_type=\"section\" data-settings=\"{&quot;_ha_eqh_enable&quot;:false}\">\n\t\t\t\t\t\t<div class=\"elementor-container elementor-column-gap-no\">\n\t\t\t\t\t<div class=\"elementor-column elementor-col-100 elementor-top-column elementor-element elementor-element-88a45cc\" data-id=\"88a45cc\" data-element_type=\"column\">\n\t\t\t<div class=\"elementor-widget-wrap elementor-element-populated\">\n\t\t\t\t\t\t\t\t<section data-particle_enable=\"false\" data-particle-mobile-disabled=\"false\" class=\"elementor-section elementor-inner-section elementor-element elementor-element-fb2997a elementor-section-full_width elementor-section-height-min-height elementor-section-content-space-around elementor-section-height-default\" data-id=\"fb2997a\" data-element_type=\"section\" data-settings=\"{&quot;background_background&quot;:&quot;classic&quot;,&quot;_ha_eqh_enable&quot;:false}\">\n\t\t\t\t\t\t<div class=\"elementor-container elementor-column-gap-default\">\n\t\t\t\t\t<div class=\"elementor-column elementor-col-50 elementor-inner-column elementor-element elementor-element-990adbd\" data-id=\"990adbd\" data-element_type=\"column\" data-settings=\"{&quot;background_background&quot;:&quot;classic&quot;}\">\n\t\t\t<div class=\"elementor-widget-wrap elementor-element-populated\">\n\t\t\t\t\t<div class=\"elementor-background-overlay\"><\/div>\n\t\t\t\t\t\t\t\t<div class=\"elementor-element elementor-element-45cde04 elementor-view-default elementor-vertical-align-top elementor-widget elementor-widget-icon-box\" data-id=\"45cde04\" data-element_type=\"widget\" data-widget_type=\"icon-box.default\">\n\t\t\t\t<div class=\"elementor-widget-container\">\n\t\t\t<style>\/*! elementor - v3.5.3 - 28-12-2021 *\/\n@media (min-width:768px){.elementor-widget-icon-box.elementor-position-left .elementor-icon-box-wrapper,.elementor-widget-icon-box.elementor-position-right .elementor-icon-box-wrapper{display:-webkit-box;display:-ms-flexbox;display:flex}.elementor-widget-icon-box.elementor-position-left .elementor-icon-box-icon,.elementor-widget-icon-box.elementor-position-right .elementor-icon-box-icon{display:-webkit-inline-box;display:-ms-inline-flexbox;display:inline-flex;-webkit-box-flex:0;-ms-flex:0 0 auto;flex:0 0 auto}.elementor-widget-icon-box.elementor-position-right .elementor-icon-box-wrapper{text-align:right;-webkit-box-orient:horizontal;-webkit-box-direction:reverse;-ms-flex-direction:row-reverse;flex-direction:row-reverse}.elementor-widget-icon-box.elementor-position-left .elementor-icon-box-wrapper{text-align:left;-webkit-box-orient:horizontal;-webkit-box-direction:normal;-ms-flex-direction:row;flex-direction:row}.elementor-widget-icon-box.elementor-position-top .elementor-icon-box-img{margin:auto}.elementor-widget-icon-box.elementor-vertical-align-top .elementor-icon-box-wrapper{-webkit-box-align:start;-ms-flex-align:start;align-items:flex-start}.elementor-widget-icon-box.elementor-vertical-align-middle .elementor-icon-box-wrapper{-webkit-box-align:center;-ms-flex-align:center;align-items:center}.elementor-widget-icon-box.elementor-vertical-align-bottom .elementor-icon-box-wrapper{-webkit-box-align:end;-ms-flex-align:end;align-items:flex-end}}@media (max-width:767px){.elementor-widget-icon-box .elementor-icon-box-icon{margin-left:auto!important;margin-right:auto!important;margin-bottom:15px}}.elementor-widget-icon-box .elementor-icon-box-wrapper{text-align:center}.elementor-widget-icon-box .elementor-icon-box-title a{color:inherit}.elementor-widget-icon-box .elementor-icon-box-content{-webkit-box-flex:1;-ms-flex-positive:1;flex-grow:1}.elementor-widget-icon-box .elementor-icon-box-description{margin:0}<\/style>\t\t<div class=\"elementor-icon-box-wrapper\">\n\t\t\t\t\t\t<div class=\"elementor-icon-box-content\">\n\t\t\t\t<h3 class=\"elementor-icon-box-title\">\n\t\t\t\t\t<span  >\n\t\t\t\t\t\tWypo\u017cyczalnia\t\t\t\t\t<\/span>\n\t\t\t\t<\/h3>\n\t\t\t\t\t\t\t\t\t<p class=\"elementor-icon-box-description\">\n\t\t\t\t\t\tDo Pa\u0144stwa dyspozycji przekazujemy nowoczesny i bezpieczny sprz\u0119t p\u0142ywaj\u0105cy\t\t\t\t\t<\/p>\n\t\t\t\t\t\t\t<\/div>\n\t\t<\/div>\n\t\t\t\t<\/div>\n\t\t\t\t<\/div>\n\t\t\t\t<div class=\"elementor-element elementor-element-09bc27a elementor-position-left elementor-view-default elementor-vertical-align-top elementor-widget elementor-widget-icon-box\" data-id=\"09bc27a\" data-element_type=\"widget\" data-widget_type=\"icon-box.default\">\n\t\t\t\t<div class=\"elementor-widget-container\">\n\t\t\t\t\t<div class=\"elementor-icon-box-wrapper\">\n\t\t\t\t\t\t<div class=\"elementor-icon-box-icon\">\n\t\t\t\t<span class=\"elementor-icon elementor-animation-\" >\n\t\t\t\t<svg xmlns=\"http:\/\/www.w3.org\/2000\/svg\" xmlns:xlink=\"http:\/\/www.w3.org\/1999\/xlink\" id=\"Capa_1\" x=\"0px\" y=\"0px\" viewBox=\"0 0 477.6 477.6\" style=\"enable-background:new 0 0 477.6 477.6;\" xml:space=\"preserve\"> <g> <g> <path d=\"M407.583,70c-45.1-45.1-105-70-168.8-70s-123.7,24.9-168.8,70c-87,87-93.3,226-15.8,320.2c-10.7,21.9-23.3,36.5-37.6,43.5 c-8.7,4.3-13.6,13.7-12.2,23.3c1.5,9.7,8.9,17.2,18.6,18.7c5.3,0.8,11,1.3,16.9,1.3l0,0c29.3,0,60.1-10.1,85.8-27.8 c34.6,18.6,73.5,28.4,113.1,28.4c63.8,0,123.7-24.8,168.8-69.9s69.9-105.1,69.9-168.8S452.683,115.1,407.583,70z M388.483,388.5 c-40,40-93.2,62-149.7,62c-37.8,0-74.9-10.1-107.2-29.1c-2.1-1.2-4.5-1.9-6.8-1.9c-2.9,0-5.9,1-8.3,2.8 c-30.6,23.7-61.4,27.2-74.9,27.5c16.1-12,29.6-30.6,40.9-56.5c2.1-4.8,1.2-10.4-2.3-14.4c-74-83.6-70.1-211,8.9-290 c40-40,93.2-62,149.7-62s109.7,22,149.7,62C471.083,171.6,471.083,306,388.483,388.5z\"><\/path> <path d=\"M338.783,160h-200c-7.5,0-13.5,6-13.5,13.5s6,13.5,13.5,13.5h200c7.5,0,13.5-6,13.5-13.5S346.183,160,338.783,160z\"><\/path> <path d=\"M338.783,225.3h-200c-7.5,0-13.5,6-13.5,13.5s6,13.5,13.5,13.5h200c7.5,0,13.5-6,13.5-13.5S346.183,225.3,338.783,225.3z\"><\/path> <path d=\"M338.783,290.6h-200c-7.5,0-13.5,6-13.5,13.5s6,13.5,13.5,13.5h200c7.5,0,13.5-6,13.5-13.5S346.183,290.6,338.783,290.6z\"><\/path> <\/g> <\/g> <g> <\/g> <g> <\/g> <g> <\/g> <g> <\/g> <g> <\/g> <g> <\/g> <g> <\/g> <g> <\/g> <g> <\/g> <g> <\/g> <g> <\/g> <g> <\/g> <g> <\/g> <g> <\/g> <g> <\/g> <\/svg>\t\t\t\t<\/span>\n\t\t\t<\/div>\n\t\t\t\t\t\t<div class=\"elementor-icon-box-content\">\n\t\t\t\t<h3 class=\"elementor-icon-box-title\">\n\t\t\t\t\t<span  >\n\t\t\t\t\t\tInformacje o jeziorze:\t\t\t\t\t<\/span>\n\t\t\t\t<\/h3>\n\t\t\t\t\t\t\t\t\t<p class=\"elementor-icon-box-description\">\n\t\t\t\t\t\tPowierzchnia: 26,04 km\u00b2<br>\nPoziom lustra wody: 116 m<br>\nG\u0142\u0119boko\u015b\u0107 \u2022 maksymalna: 39,7 m<br>\nMiejscowo\u015bci nadbrze\u017cne: Gi\u017cycko, Wilkasy<br>\nRodzaj jeziora: morenowe<br>\nWymiary \u2022 max d\u0142ugo\u015b\u0107 \u2022 max szeroko\u015b\u0107: 10,8 km; 4,8 km\t\t\t\t\t<\/p>\n\t\t\t\t\t\t\t<\/div>\n\t\t<\/div>\n\t\t\t\t<\/div>\n\t\t\t\t<\/div>\n\t\t\t\t\t<\/div>\n\t\t<\/div>\n\t\t\t\t<div class=\"elementor-column elementor-col-50 elementor-inner-column elementor-element elementor-element-8859bd8\" data-id=\"8859bd8\" data-element_type=\"column\" data-settings=\"{&quot;background_background&quot;:&quot;classic&quot;}\">\n\t\t\t<div class=\"elementor-widget-wrap elementor-element-populated\">\n\t\t\t\t\t\t\t\t<div class=\"elementor-element elementor-element-616b7fc elementor-widget elementor-widget-heading\" data-id=\"616b7fc\" data-element_type=\"widget\" data-widget_type=\"heading.default\">\n\t\t\t\t<div class=\"elementor-widget-container\">\n\t\t\t<style>\/*! elementor - v3.5.3 - 28-12-2021 *\/\n.elementor-heading-title{padding:0;margin:0;line-height:1}.elementor-widget-heading .elementor-heading-title[class*=elementor-size-]>a{color:inherit;font-size:inherit;line-height:inherit}.elementor-widget-heading .elementor-heading-title.elementor-size-small{font-size:15px}.elementor-widget-heading .elementor-heading-title.elementor-size-medium{font-size:19px}.elementor-widget-heading .elementor-heading-title.elementor-size-large{font-size:29px}.elementor-widget-heading .elementor-heading-title.elementor-size-xl{font-size:39px}.elementor-widget-heading .elementor-heading-title.elementor-size-xxl{font-size:59px}<\/style><h3 class=\"elementor-heading-title elementor-size-default\">Wypo\u017cyczalnia sprz\u0119tu wodnego<\/h3>\t\t<\/div>\n\t\t\t\t<\/div>\n\t\t\t\t<div class=\"elementor-element elementor-element-cade124 elementor-position-left elementor-view-default elementor-vertical-align-top elementor-widget elementor-widget-icon-box\" data-id=\"cade124\" data-element_type=\"widget\" data-widget_type=\"icon-box.default\">\n\t\t\t\t<div class=\"elementor-widget-container\">\n\t\t\t\t\t<div class=\"elementor-icon-box-wrapper\">\n\t\t\t\t\t\t<div class=\"elementor-icon-box-icon\">\n\t\t\t\t<span class=\"elementor-icon elementor-animation-\" >\n\t\t\t\t<svg xmlns=\"http:\/\/www.w3.org\/2000\/svg\" xmlns:xlink=\"http:\/\/www.w3.org\/1999\/xlink\" id=\"Capa_1\" x=\"0px\" y=\"0px\" viewBox=\"0 0 485.5 485.5\" style=\"enable-background:new 0 0 485.5 485.5;\" xml:space=\"preserve\"> <g> <g> <path d=\"M422.1,126.2H126.4c-27.4,0-49.8-22.3-49.8-49.8c0-27.4,22.3-49.8,49.8-49.8h295.8c7.4,0,13.3-6,13.3-13.3 c0-7.4-6-13.3-13.3-13.3H126.4C84.3,0,50,34.3,50,76.4v332.7c0,42.1,34.3,76.4,76.4,76.4h295.8c7.4,0,13.3-6,13.3-13.3V139.5 C435.4,132.2,429.5,126.2,422.1,126.2z M408.8,458.9H126.4c-27.4,0-49.8-22.3-49.8-49.8V134.4c13.4,11.5,30.8,18.5,49.8,18.5 h282.4L408.8,458.9L408.8,458.9z\"><\/path> <path d=\"M130.6,64.3c-7.4,0-13.3,6-13.3,13.3s6,13.3,13.3,13.3h249.8c7.4,0,13.3-6,13.3-13.3s-6-13.3-13.3-13.3H130.6z\"><\/path> <path d=\"M177.4,400.7c1.5,0.5,3,0.8,4.5,0.8c5.5,0,10.6-3.4,12.5-8.8l16.2-45.3H273c0.5,0,1.1,0,1.6-0.1l16.2,45.4 c1.9,5.4,7.1,8.8,12.5,8.8c1.5,0,3-0.3,4.5-0.8c6.9-2.5,10.5-10.1,8-17l-60.6-169.9l0,0c-0.1-0.4-0.3-0.8-0.5-1.2 c-0.1-0.2-0.2-0.4-0.3-0.6c-0.1-0.2-0.2-0.4-0.3-0.6c-0.1-0.2-0.3-0.4-0.4-0.7c-0.1-0.1-0.2-0.3-0.3-0.4c-0.1-0.2-0.3-0.4-0.5-0.6 c-0.1-0.1-0.2-0.3-0.4-0.4c-0.1-0.2-0.3-0.3-0.5-0.5s-0.3-0.3-0.5-0.5c-0.1-0.1-0.3-0.2-0.4-0.4c-0.2-0.2-0.4-0.3-0.6-0.5 c-0.1-0.1-0.3-0.2-0.4-0.3c-0.2-0.1-0.4-0.3-0.6-0.4c-0.2-0.1-0.4-0.2-0.6-0.3s-0.4-0.2-0.6-0.3c-0.4-0.2-0.8-0.4-1.2-0.5l0,0H247 c-0.4-0.1-0.8-0.2-1.2-0.3c-0.2,0-0.3-0.1-0.5-0.1c-0.3-0.1-0.5-0.1-0.8-0.2c-0.2,0-0.4,0-0.6-0.1c-0.2,0-0.5-0.1-0.7-0.1 s-0.4,0-0.6,0c-0.2,0-0.4,0-0.7,0c-0.2,0-0.5,0-0.7,0.1c-0.2,0-0.4,0-0.6,0.1c-0.3,0-0.5,0.1-0.8,0.2c-0.2,0-0.3,0.1-0.5,0.1 c-0.4,0.1-0.8,0.2-1.1,0.3h-0.1l0,0c-0.4,0.1-0.8,0.3-1.2,0.5c-0.2,0.1-0.4,0.2-0.6,0.3c-0.2,0.1-0.4,0.2-0.6,0.3 c-0.2,0.1-0.4,0.3-0.7,0.4c-0.1,0.1-0.3,0.2-0.4,0.3c-0.2,0.2-0.4,0.3-0.6,0.5c-0.1,0.1-0.3,0.2-0.4,0.4c-0.2,0.2-0.3,0.3-0.5,0.5 s-0.3,0.3-0.5,0.5c-0.1,0.1-0.2,0.3-0.4,0.4c-0.2,0.2-0.3,0.4-0.5,0.6c-0.1,0.1-0.2,0.3-0.3,0.4c-0.1,0.2-0.3,0.4-0.4,0.6 c-0.1,0.2-0.2,0.4-0.3,0.6c-0.1,0.2-0.2,0.4-0.3,0.6c-0.2,0.4-0.4,0.8-0.5,1.2l0,0l-60.8,169.9 C166.9,390.6,170.5,398.2,177.4,400.7z M242.7,257.8l22.5,63h-45.1L242.7,257.8z\"><\/path> <\/g> <\/g> <g> <\/g> <g> <\/g> <g> <\/g> <g> <\/g> <g> <\/g> <g> <\/g> <g> <\/g> <g> <\/g> <g> <\/g> <g> <\/g> <g> <\/g> <g> <\/g> <g> <\/g> <g> <\/g> <g> <\/g> <\/svg>\t\t\t\t<\/span>\n\t\t\t<\/div>\n\t\t\t\t\t\t<div class=\"elementor-icon-box-content\">\n\t\t\t\t<h3 class=\"elementor-icon-box-title\">\n\t\t\t\t\t<span  >\n\t\t\t\t\t\tJaki sprz\u0119t mo\u017cemy wypo\u017cyczy\u0107?\t\t\t\t\t<\/span>\n\t\t\t\t<\/h3>\n\t\t\t\t\t\t\t\t\t<p class=\"elementor-icon-box-description\">\n\t\t\t\t\t\tAmatorzy wypoczynku na wodzie mog\u0105 skorzysta\u0107 z kajak\u00f3w lub rower\u00f3w wodnych. Preferuj\u0105cy pla\u017cowanie le\u017caki oraz parasole. \t\t\t\t\t<\/p>\n\t\t\t\t\t\t\t<\/div>\n\t\t<\/div>\n\t\t\t\t<\/div>\n\t\t\t\t<\/div>\n\t\t\t\t<div class=\"elementor-element elementor-element-bb23e02 elementor-position-left elementor-view-default elementor-vertical-align-top elementor-widget elementor-widget-icon-box\" data-id=\"bb23e02\" data-element_type=\"widget\" data-widget_type=\"icon-box.default\">\n\t\t\t\t<div class=\"elementor-widget-container\">\n\t\t\t\t\t<div class=\"elementor-icon-box-wrapper\">\n\t\t\t\t\t\t<div class=\"elementor-icon-box-icon\">\n\t\t\t\t<span class=\"elementor-icon elementor-animation-\" >\n\t\t\t\t<svg xmlns=\"http:\/\/www.w3.org\/2000\/svg\" xmlns:xlink=\"http:\/\/www.w3.org\/1999\/xlink\" id=\"Capa_1\" x=\"0px\" y=\"0px\" viewBox=\"0 0 473 473\" style=\"enable-background:new 0 0 473 473;\" xml:space=\"preserve\"> <g> <g> <path d=\"M403.581,69.3c-44.7-44.7-104-69.3-167.2-69.3s-122.5,24.6-167.2,69.3c-86.4,86.4-92.4,224.7-14.9,318 c-7.6,15.3-19.8,33.1-37.9,42c-8.7,4.3-13.6,13.6-12.1,23.2s8.9,17.1,18.5,18.6c4.5,0.7,10.9,1.4,18.7,1.4 c20.9,0,51.7-4.9,83.2-27.6c35.1,18.9,73.5,28.1,111.6,28.1c61.2,0,121.8-23.7,167.4-69.3c44.7-44.7,69.3-104,69.3-167.2 S448.281,114,403.581,69.3z M384.481,384.6c-67.5,67.5-172,80.9-254.2,32.6c-5.4-3.2-12.1-2.2-16.4,2.1c-0.4,0.2-0.8,0.5-1.1,0.8 c-27.1,21-53.7,25.4-71.3,25.4h-0.1c20.3-14.8,33.1-36.8,40.6-53.9c1.2-2.9,1.4-5.9,0.7-8.7c-0.3-2.7-1.4-5.4-3.3-7.6 c-73.2-82.7-69.4-208.7,8.8-286.9c81.7-81.7,214.6-81.7,296.2,0C466.181,170.1,466.181,302.9,384.481,384.6z\"><\/path> <circle cx=\"236.381\" cy=\"236.5\" r=\"16.6\"><\/circle> <circle cx=\"321.981\" cy=\"236.5\" r=\"16.6\"><\/circle> <circle cx=\"150.781\" cy=\"236.5\" r=\"16.6\"><\/circle> <\/g> <\/g> <g> <\/g> <g> <\/g> <g> <\/g> <g> <\/g> <g> <\/g> <g> <\/g> <g> <\/g> <g> <\/g> <g> <\/g> <g> <\/g> <g> <\/g> <g> <\/g> <g> <\/g> <g> <\/g> <g> <\/g> <\/svg>\t\t\t\t<\/span>\n\t\t\t<\/div>\n\t\t\t\t\t\t<div class=\"elementor-icon-box-content\">\n\t\t\t\t<h3 class=\"elementor-icon-box-title\">\n\t\t\t\t\t<span  >\n\t\t\t\t\t\tJak wypo\u017cyczy\u0107?\t\t\t\t\t<\/span>\n\t\t\t\t<\/h3>\n\t\t\t\t\t\t\t\t\t<p class=\"elementor-icon-box-description\">\n\t\t\t\t\t\tW wypo\u017cyczalni podajemy swoje dane osobiste i akceptujemy regulamin.\t\t\t\t\t<\/p>\n\t\t\t\t\t\t\t<\/div>\n\t\t<\/div>\n\t\t\t\t<\/div>\n\t\t\t\t<\/div>\n\t\t\t\t<div class=\"elementor-element elementor-element-938367c elementor-position-left elementor-view-default elementor-vertical-align-top elementor-widget elementor-widget-icon-box\" data-id=\"938367c\" data-element_type=\"widget\" data-widget_type=\"icon-box.default\">\n\t\t\t\t<div class=\"elementor-widget-container\">\n\t\t\t\t\t<div class=\"elementor-icon-box-wrapper\">\n\t\t\t\t\t\t<div class=\"elementor-icon-box-icon\">\n\t\t\t\t<span class=\"elementor-icon elementor-animation-\" >\n\t\t\t\t<svg xmlns=\"http:\/\/www.w3.org\/2000\/svg\" xmlns:xlink=\"http:\/\/www.w3.org\/1999\/xlink\" id=\"Capa_1\" x=\"0px\" y=\"0px\" viewBox=\"0 0 489.711 489.711\" style=\"enable-background:new 0 0 489.711 489.711;\" xml:space=\"preserve\"> <g> <g> <path d=\"M112.156,97.111c72.3-65.4,180.5-66.4,253.8-6.7l-58.1,2.2c-7.5,0.3-13.3,6.5-13,14c0.3,7.3,6.3,13,13.5,13 c0.2,0,0.3,0,0.5,0l89.2-3.3c7.3-0.3,13-6.2,13-13.5v-1c0-0.2,0-0.3,0-0.5v-0.1l0,0l-3.3-88.2c-0.3-7.5-6.6-13.3-14-13 c-7.5,0.3-13.3,6.5-13,14l2.1,55.3c-36.3-29.7-81-46.9-128.8-49.3c-59.2-3-116.1,17.3-160,57.1c-60.4,54.7-86,137.9-66.8,217.1 c1.5,6.2,7,10.3,13.1,10.3c1.1,0,2.1-0.1,3.2-0.4c7.2-1.8,11.7-9.1,9.9-16.3C36.656,218.211,59.056,145.111,112.156,97.111z\"><\/path> <path d=\"M462.456,195.511c-1.8-7.2-9.1-11.7-16.3-9.9c-7.2,1.8-11.7,9.1-9.9,16.3c16.9,69.6-5.6,142.7-58.7,190.7 c-37.3,33.7-84.1,50.3-130.7,50.3c-44.5,0-88.9-15.1-124.7-44.9l58.8-5.3c7.4-0.7,12.9-7.2,12.2-14.7s-7.2-12.9-14.7-12.2l-88.9,8 c-7.4,0.7-12.9,7.2-12.2,14.7l8,88.9c0.6,7,6.5,12.3,13.4,12.3c0.4,0,0.8,0,1.2-0.1c7.4-0.7,12.9-7.2,12.2-14.7l-4.8-54.1 c36.3,29.4,80.8,46.5,128.3,48.9c3.8,0.2,7.6,0.3,11.3,0.3c55.1,0,107.5-20.2,148.7-57.4 C456.056,357.911,481.656,274.811,462.456,195.511z\"><\/path> <\/g> <\/g> <g> <\/g> <g> <\/g> <g> <\/g> <g> <\/g> <g> <\/g> <g> <\/g> <g> <\/g> <g> <\/g> <g> <\/g> <g> <\/g> <g> <\/g> <g> <\/g> <g> <\/g> <g> <\/g> <g> <\/g> <\/svg>\t\t\t\t<\/span>\n\t\t\t<\/div>\n\t\t\t\t\t\t<div class=\"elementor-icon-box-content\">\n\t\t\t\t<h3 class=\"elementor-icon-box-title\">\n\t\t\t\t\t<span  >\n\t\t\t\t\t\tGodziny otwarcia wypo\u017cyczalni\t\t\t\t\t<\/span>\n\t\t\t\t<\/h3>\n\t\t\t\t\t\t\t\t\t<p class=\"elementor-icon-box-description\">\n\t\t\t\t\t\tPoniedzia\u0142ek - Pi\u0105tek 9.00 - 19.00<br>\nSobota - Niedziela 10.00 - 20.00\t\t\t\t\t<\/p>\n\t\t\t\t\t\t\t<\/div>\n\t\t<\/div>\n\t\t\t\t<\/div>\n\t\t\t\t<\/div>\n\t\t\t\t\t<\/div>\n\t\t<\/div>\n\t\t\t\t\t\t\t<\/div>\n\t\t<\/section>\n\t\t\t\t\t<\/div>\n\t\t<\/div>\n\t\t\t\t\t\t\t<\/div>\n\t\t<\/section>\n\t\t\t\t\t\t<\/div>\n\t\t\t\t\t<\/div>\n\t\t","protected":false},"excerpt":{"rendered":"<p>Wypo\u017cyczalnia Do Pa\u0144stwa dyspozycji przekazujemy nowoczesny i bezpieczny sprz\u0119t p\u0142ywaj\u0105cy Informacje o jeziorze: Powierzchnia: 26,04 km\u00b2 Poziom lustra wody: 116 m G\u0142\u0119boko\u015b\u0107 \u2022 maksymalna: 39,7 m Miejscowo\u015bci nadbrze\u017cne: Gi\u017cycko, Wilkasy Rodzaj jeziora: morenowe Wymiary \u2022 max d\u0142ugo\u015b\u0107 \u2022 max szeroko\u015b\u0107: 10,8 km; 4,8 km Wypo\u017cyczalnia sprz\u0119tu wodnego Jaki sprz\u0119t mo\u017cemy wypo\u017cyczy\u0107? Amatorzy wypoczynku na wodzie [&hellip;]<\/p>\n","protected":false},"author":1,"featured_media":0,"parent":0,"menu_order":0,"comment_status":"closed","ping_status":"closed","template":"elementor_header_footer","meta":[],"_links":{"self":[{"href":"https:\/\/projekt.mazuryresidence.pl\/index.php\/wp-json\/wp\/v2\/pages\/2561"}],"collection":[{"href":"https:\/\/projekt.mazuryresidence.pl\/index.php\/wp-json\/wp\/v2\/pages"}],"about":[{"href":"https:\/\/projekt.mazuryresidence.pl\/index.php\/wp-json\/wp\/v2\/types\/page"}],"author":[{"embeddable":true,"href":"https:\/\/projekt.mazuryresidence.pl\/index.php\/wp-json\/wp\/v2\/users\/1"}],"replies":[{"embeddable":true,"href":"https:\/\/projekt.mazuryresidence.pl\/index.php\/wp-json\/wp\/v2\/comments?post=2561"}],"version-history":[{"count":10,"href":"https:\/\/projekt.mazuryresidence.pl\/index.php\/wp-json\/wp\/v2\/pages\/2561\/revisions"}],"predecessor-version":[{"id":2687,"href":"https:\/\/projekt.mazuryresidence.pl\/index.php\/wp-json\/wp\/v2\/pages\/2561\/revisions\/2687"}],"wp:attachment":[{"href":"https:\/\/projekt.mazuryresidence.pl\/index.php\/wp-json\/wp\/v2\/media?parent=2561"}],"curies":[{"name":"wp","href":"https:\/\/api.w.org\/{rel}","templated":true}]}}